{"id":1348,"date":"2024-04-12T16:43:00","date_gmt":"2024-04-12T15:43:00","guid":{"rendered":"https:\/\/www.bthermiq.pt\/termos-e-condicoes\/"},"modified":"2025-10-13T14:08:28","modified_gmt":"2025-10-13T13:08:28","slug":"terminos-condiciones","status":"publish","type":"page","link":"https:\/\/www.bthermiq.pt\/es\/terminos-condiciones\/","title":{"rendered":"T\u00e9rminos y Condiciones"},"content":{"rendered":"\n<h2 class=\"wp-block-heading\">1. INFORMACI\u00d3N LEGAL<\/h2>\n\n\n\n<p>Este sitio web es propiedad de Bauter Portugal, NIPC 517531534, con domicilio social en Av.Duque d&#8217;\u00c1vila, 64, 7\u00baA 1050-083 Lisboa, Portugal.<\/p>\n\n\n\n<h2 class=\"wp-block-heading\">2. RESPONSABILIDAD DEL USUARIO<\/h2>\n\n\n\n<p>Al navegar por el sitio web www.bauter.pt, el usuario se compromete a no utilizar la informaci\u00f3n contenida en el mismo para la realizaci\u00f3n de actividades contrarias a la ley o a las condiciones establecidas por BAUTER\u00ae en el presente aviso legal.<\/p>\n\n\n\n<p>Todos los da\u00f1os y perjuicios derivados de las actividades realizadas por el usuario al visitar el sitio web son responsabilidad exclusiva del usuario.<\/p>\n\n\n\n<h2 class=\"wp-block-heading\">3. RESPONSABILIDAD DE BAUTER<\/h2>\n\n\n\n<p>BAUTER\u00ae no se hace responsable de las dificultades de acceso al sitio web o a su contenido. No obstante, se compromete a resolver las dificultades lo antes posible.<\/p>\n\n\n\n<p>BAUTER\u00ae se reserva el derecho de suspender temporalmente y sin previo aviso el acceso al sitio web por motivos de mantenimiento.<\/p>\n\n\n\n<p>El contenido disponible en este sitio web es de car\u00e1cter general y no ser\u00e1 necesariamente exhaustivo, exacto o actualizado.<\/p>\n\n\n\n<p>Este sitio web puede contener enlaces a sitios web externos sobre los que BAUTER\u00ae no tiene control alguno. BAUTER\u00ae no se hace responsable de los da\u00f1os que pudieran derivarse del acceso a dichos enlaces de terceros.<\/p>\n\n\n\n<h2 class=\"wp-block-heading\">4. PROPIEDAD INTELECTUAL E INDUSTRIAL<\/h2>\n\n\n\n<p>Todos los contenidos del sitio web son propiedad de BAUTER\u00ae y no pueden ser compartidos, replicados o utilizados sin el consentimiento de BAUTER\u00ae.<\/p>\n\n\n\n<p>Los nombres, marcas, signos y logotipos de las distintas empresas miembros de BAUTER\u00ae no pueden ser reproducidos ni utilizados sin autorizaci\u00f3n de BAUTER\u00ae.<\/p>\n\n\n\n<p>Todos los textos, im\u00e1genes, v\u00eddeos y audio disponibles en este sitio web son propiedad de BAUTER\u00ae. El usuario del sitio web no podr\u00e1 copiar, importar o utilizar los contenidos disponibles en este sitio web sin la autorizaci\u00f3n previa de BAUTER\u00ae. Si los contenidos compartidos en este sitio web proceden de un sitio de terceros, el usuario deber\u00e1 obtener la autorizaci\u00f3n de los respectivos autores.<\/p>\n\n\n\n<p>El uso o distribuci\u00f3n no autorizados de cualquier informaci\u00f3n disponible en este sitio web puede incurrir en responsabilidad civil y penal para el usuario, de acuerdo con la legislaci\u00f3n aplicable.<\/p>\n\n\n\n<h2 class=\"wp-block-heading\">5. VALIDEZ DE LAS CONDICIONES DE USO<\/h2>\n\n\n\n<p>Las condiciones de uso de este sitio web tienen una vigencia indefinida. BAUTER\u00ae se reserva el derecho a modificar el contenido en cualquier caso, por lo que se recomienda al usuario consultar estas condiciones de uso con frecuencia.<\/p>\n\n\n\n<h2 class=\"wp-block-heading\">6. PROTECCI\u00d3N DE DATOS Y CONFIDENCIALIDAD<\/h2>\n\n\n\n<p>BAUTER\u00ae recopila datos de los usuarios y cookies (como dominios y direcciones IP) a trav\u00e9s del uso del sitio web. BAUTER\u00ae se compromete a cumplir toda la legislaci\u00f3n vigente en materia de protecci\u00f3n de datos y seguridad en Internet.<\/p>\n\n\n\n<p>Para m\u00e1s informaci\u00f3n sobre la protecci\u00f3n de datos personales, consulte nuestra <a href=\"https:\/\/www.bthermiq.pt\/es\/politica-privacidad\/\">Pol\u00edtica de Privacidad<\/a>.<\/p>\n\n\n\n<p>Para m\u00e1s informaci\u00f3n sobre el uso de cookies, consulte nuestra <a href=\"https:\/\/www.bthermiq.pt\/es\/politica-de-cookies\/\">Pol\u00edtica de Cookies<\/a>.<\/p>\n\n\n\n<h2 class=\"wp-block-heading\">7. LEGISLACI\u00d3N Y JURISDICCI\u00d3N APLICABLES<\/h2>\n\n\n\n<p>Los servicios prestados en este sitio web y las presentes condiciones de uso se rigen por la legislaci\u00f3n portuguesa.<\/p>\n\n\n\n<p>Cualquier disputa sobre los servicios prestados a trav\u00e9s de este sitio web se resolver\u00e1 a trav\u00e9s de los tribunales arbitrales de consumo, mediadores o similares a los que BAUTER\u00ae se haya suscrito en el momento de la disputa, as\u00ed como los juzgados y tribunales competentes, de conformidad con la legislaci\u00f3n portuguesa.<\/p>\n","protected":false},"excerpt":{"rendered":"<p>1. INFORMACI\u00d3N LEGAL Este sitio web es propiedad de Bauter Portugal, NIPC 517531534, con domicilio social en Av.Duque d&#8217;\u00c1vila, 64, 7\u00baA 1050-083 Lisboa, Portugal. 2. RESPONSABILIDAD DEL USUARIO Al navegar por el sitio web www.bauter.pt, el usuario se compromete a no utilizar la informaci\u00f3n contenida en el mismo para la realizaci\u00f3n de actividades contrarias a [&hellip;]<\/p>\n","protected":false},"author":1,"featured_media":0,"parent":0,"menu_order":44,"comment_status":"closed","ping_status":"closed","template":"page-gray.php","meta":{"_acf_changed":false,"_vp_format_video_url":"","_vp_image_focal_point":[],"footnotes":""},"class_list":["post-1348","page","type-page","status-publish","hentry"],"acf":[],"_links":{"self":[{"href":"https:\/\/www.bthermiq.pt\/es\/wp-json\/wp\/v2\/pages\/1348","targetHints":{"allow":["GET"]}}],"collection":[{"href":"https:\/\/www.bthermiq.pt\/es\/wp-json\/wp\/v2\/pages"}],"about":[{"href":"https:\/\/www.bthermiq.pt\/es\/wp-json\/wp\/v2\/types\/page"}],"author":[{"embeddable":true,"href":"https:\/\/www.bthermiq.pt\/es\/wp-json\/wp\/v2\/users\/1"}],"replies":[{"embeddable":true,"href":"https:\/\/www.bthermiq.pt\/es\/wp-json\/wp\/v2\/comments?post=1348"}],"version-history":[{"count":3,"href":"https:\/\/www.bthermiq.pt\/es\/wp-json\/wp\/v2\/pages\/1348\/revisions"}],"predecessor-version":[{"id":1375,"href":"https:\/\/www.bthermiq.pt\/es\/wp-json\/wp\/v2\/pages\/1348\/revisions\/1375"}],"wp:attachment":[{"href":"https:\/\/www.bthermiq.pt\/es\/wp-json\/wp\/v2\/media?parent=1348"}],"curies":[{"name":"wp","href":"https:\/\/api.w.org\/{rel}","templated":true}]}}