{"id":1827,"date":"2025-03-25T23:27:14","date_gmt":"2025-03-25T23:27:14","guid":{"rendered":"https:\/\/www.bthermiq.pt\/donde-2\/"},"modified":"2025-11-13T16:02:34","modified_gmt":"2025-11-13T16:02:34","slug":"aplicacoes","status":"publish","type":"page","link":"https:\/\/www.bthermiq.pt\/es\/aplicacoes\/","title":{"rendered":"Aplicaciones"},"content":{"rendered":"\n\n<div class=\"bg-bauter-grey-primary flex flex-col xl:flex-row gap-5 lg:gap-14 px-6 py-6 lg:py-12 lg:px-16 animation-fade-in-up\">\n            <img decoding=\"async\" class=\"border border-bauter-blue-primary w-full xl:w-1\/2\" src=\"https:\/\/www.bthermiq.pt\/wp-content\/uploads\/2025\/03\/outdoorESP.jpg\" alt=\"\" title=\"\">\n        <div>\n        <h1 class=\"!my-0 text-bauter-blue-primary !leading-[1.2] text-3xl lg:text-4xl font-black\">Con aplicaciones que van desde la industria, la agricultura y la construcci\u00f3n hasta la refrigeraci\u00f3n y el transporte, BAUTER s\u00f3lo tiene un lado: el bueno.<\/h1>\n        <p class=\"text-bauter-grey-text text-base mt-8\">La amplia experiencia en el desarrollo de soluciones para la construcci\u00f3n y la industria ha dado excelentes resultados con la nanotecnolog\u00eda, que ahora se aplica en la medicina, el deporte y la tecnolog\u00eda espacial.<\/p>\n    <\/div>\n<\/div>\n\n\n<div style=\"height:30px\" aria-hidden=\"true\" class=\"wp-block-spacer\"><\/div>\n\n\n\n<div class=\"wp-block-columns is-layout-flex wp-container-core-columns-is-layout-28f84493 wp-block-columns-is-layout-flex\">\n<div class=\"wp-block-column is-layout-flow wp-block-column-is-layout-flow\">\n<div class=\"bg-bauter-grey-primary flex flex-col gap-6 lg:px-12 p-6 lg:py-11 mt-14 lg:min-h-[34rem] 2xl:min-h-[40rem] animation-fade-in-up\">\n            <img decoding=\"async\" class=\"border border-bauter-blue-primary\" src=\"https:\/\/www.bthermiq.pt\/wp-content\/uploads\/2024\/04\/Onde_Construcao_opt-1.jpg\" alt=\"\" title=\"\">\n        <div class=\"flex flex-col gap-2\">\n        <h2 class=\"!my-0 text-bauter-blue-primary lg:text-5xl md:text-4xl text-3xl font-black\">Construcci\u00f3n<\/h2>\n        <div class=\"text-bauter-grey-text text-base mt-3\"><p><strong style=\"color: #1f4c93;\">B-THERMIQ\u00ae<\/strong> es la garant\u00eda de que tu proyecto se ejecutar\u00e1 conforme las tecnolog\u00edas m\u00e1s avanzadas.<\/p>\n<\/div>\n\n                    <ul class=\"text-bauter-blue-primary pl-0 text-base font-bold\">\n                                    <li class=\"my-2\">Aislamiento biodegradable<\/li>\n                                    <li class=\"my-2\">Ingredientes naturales<\/li>\n                                    <li class=\"my-2\">Seguro para las personas<\/li>\n                            <\/ul>\n            <\/div>\n<\/div>\n\n\n<div class=\"bg-bauter-grey-primary flex flex-col gap-6 lg:px-12 p-6 lg:py-11 mt-14 lg:min-h-[34rem] 2xl:min-h-[40rem] animation-fade-in-up\">\n            <img decoding=\"async\" class=\"border border-bauter-blue-primary\" src=\"https:\/\/www.bthermiq.pt\/wp-content\/uploads\/2024\/04\/Onde_Agricultura_opt.jpg\" alt=\"\" title=\"\">\n        <div class=\"flex flex-col gap-2\">\n        <h2 class=\"!my-0 text-bauter-blue-primary lg:text-5xl md:text-4xl text-3xl font-black\">Agricultura<\/h2>\n        <div class=\"text-bauter-grey-text text-base mt-3\"><p><strong style=\"color: #1f4c93;\">B-THERMIQ\u00ae<\/strong> es el aislamiento t\u00e9rmico perfecto para la agricultura. Ecol\u00f3gico y respetuoso con los seres vivos, se utiliza en silos, tuber\u00edas y otros elementos, proporcionando aislamiento y protecci\u00f3n.<\/p>\n<\/div>\n\n            <\/div>\n<\/div>\n\n\n<div class=\"bg-bauter-grey-primary flex flex-col gap-6 lg:px-12 p-6 lg:py-11 mt-14 lg:min-h-[34rem] 2xl:min-h-[40rem] animation-fade-in-up\">\n            <img decoding=\"async\" class=\"border border-bauter-blue-primary\" src=\"https:\/\/www.bthermiq.pt\/wp-content\/uploads\/2024\/04\/Onde_Transportes_opt.jpg\" alt=\"\" title=\"\">\n        <div class=\"flex flex-col gap-2\">\n        <h2 class=\"!my-0 text-bauter-blue-primary lg:text-5xl md:text-4xl text-3xl font-black\">Transporte y veh\u00edculos<\/h2>\n        <div class=\"text-bauter-grey-text text-base mt-3\"><p>Tanto si transportas mercanc\u00edas como personas, <strong style=\"color: #1f4c93;\">B-THERMIQ\u00ae<\/strong> de BAUTER garantiza un aislamiento eficaz para ahorrar energ\u00eda y proporcionar protecci\u00f3n a contenedores, veh\u00edculos de transporte de mercanc\u00edas o transporte p\u00fablico.<\/p>\n<\/div>\n\n            <\/div>\n<\/div><\/div>\n\n\n\n<div class=\"wp-block-column is-layout-flow wp-block-column-is-layout-flow\">\n<div class=\"bg-bauter-grey-primary flex flex-col gap-6 lg:px-12 p-6 lg:py-11 mt-14 lg:min-h-[34rem] 2xl:min-h-[40rem] animation-fade-in-up\">\n            <img decoding=\"async\" class=\"border border-bauter-blue-primary\" src=\"https:\/\/www.bthermiq.pt\/wp-content\/uploads\/2024\/04\/Onde_Industria_opt.jpg\" alt=\"\" title=\"\">\n        <div class=\"flex flex-col gap-2\">\n        <h2 class=\"!my-0 text-bauter-blue-primary lg:text-5xl md:text-4xl text-3xl font-black\">Industria<\/h2>\n        <div class=\"text-bauter-grey-text text-base mt-3\"><p>Soluciones a gran escala para el sector industrial con:<\/p>\n<\/div>\n\n                    <ul class=\"text-bauter-blue-primary pl-0 text-base font-bold\">\n                                    <li class=\"my-2\">Mayor vida \u00fatil<\/li>\n                                    <li class=\"my-2\">Alta calidad<\/li>\n                                    <li class=\"my-2\">Mantenimiento r\u00e1pido<\/li>\n                                    <li class=\"my-2\">Menor coste<\/li>\n                            <\/ul>\n            <\/div>\n<\/div>\n\n\n<div class=\"bg-bauter-grey-primary flex flex-col gap-6 lg:px-12 p-6 lg:py-11 mt-14 lg:min-h-[34rem] 2xl:min-h-[40rem] animation-fade-in-up\">\n            <img decoding=\"async\" class=\"border border-bauter-blue-primary\" src=\"https:\/\/www.bthermiq.pt\/wp-content\/uploads\/2024\/04\/Onde_Refrigeracao_opt.jpg\" alt=\"\" title=\"\">\n        <div class=\"flex flex-col gap-2\">\n        <h2 class=\"!my-0 text-bauter-blue-primary lg:text-5xl md:text-4xl text-3xl font-black\">Refrigeraci\u00f3n y calefacci\u00f3n<\/h2>\n        <div class=\"text-bauter-grey-text text-base mt-3\"><p>Indispensable como aislante t\u00e9rmico en zonas donde hay un calor excesivo o donde hay que mantener la temperatura. El revestimiento industrial puede soportar temperaturas de entre -70\u00b0 y 320 \u00b0C con s\u00f3lo una capa de 1 mm.<\/p>\n<\/div>\n\n            <\/div>\n<\/div><\/div>\n<\/div>\n","protected":false},"excerpt":{"rendered":"","protected":false},"author":1,"featured_media":0,"parent":0,"menu_order":35,"comment_status":"closed","ping_status":"closed","template":"","meta":{"_acf_changed":false,"_vp_format_video_url":"","_vp_image_focal_point":[],"footnotes":""},"class_list":["post-1827","page","type-page","status-publish","hentry"],"acf":[],"_links":{"self":[{"href":"https:\/\/www.bthermiq.pt\/es\/wp-json\/wp\/v2\/pages\/1827","targetHints":{"allow":["GET"]}}],"collection":[{"href":"https:\/\/www.bthermiq.pt\/es\/wp-json\/wp\/v2\/pages"}],"about":[{"href":"https:\/\/www.bthermiq.pt\/es\/wp-json\/wp\/v2\/types\/page"}],"author":[{"embeddable":true,"href":"https:\/\/www.bthermiq.pt\/es\/wp-json\/wp\/v2\/users\/1"}],"replies":[{"embeddable":true,"href":"https:\/\/www.bthermiq.pt\/es\/wp-json\/wp\/v2\/comments?post=1827"}],"version-history":[{"count":13,"href":"https:\/\/www.bthermiq.pt\/es\/wp-json\/wp\/v2\/pages\/1827\/revisions"}],"predecessor-version":[{"id":3685,"href":"https:\/\/www.bthermiq.pt\/es\/wp-json\/wp\/v2\/pages\/1827\/revisions\/3685"}],"wp:attachment":[{"href":"https:\/\/www.bthermiq.pt\/es\/wp-json\/wp\/v2\/media?parent=1827"}],"curies":[{"name":"wp","href":"https:\/\/api.w.org\/{rel}","templated":true}]}}