{"id":404,"date":"2025-03-27T12:41:03","date_gmt":"2025-03-27T12:41:03","guid":{"rendered":"http:\/\/bauterk.cluster027.hosting.ovh.net\/sample-page\/"},"modified":"2025-11-13T16:00:25","modified_gmt":"2025-11-13T16:00:25","slug":"homepage","status":"publish","type":"page","link":"https:\/\/www.bthermiq.pt\/es\/","title":{"rendered":"P\u00e1gina de inicio"},"content":{"rendered":"\n<div class=\"\">\n    <div class=\"relative\">\n       <img decoding=\"async\" class=\"h-[62.5rem] object-cover object-bottom w-full hidden md:block\" src=\"https:\/\/www.bthermiq.pt\/wp-content\/uploads\/2025\/04\/Bauter_Key_Visual_web-scaled.jpg\" alt=\"\" title=\"\">\n        <!-- <video src=\"https:\/\/www.bthermiq.pt\/wp-content\/themes\/bauter_theme\/assets\/video\/video-banner-home.mp4 \" autoplay loop muted playsinline class=\"h-[62.5rem] object-cover object-bottom w-full hidden md:block\"><\/video> -->\n        <img decoding=\"async\" class=\"h-[36.25rem] object-cover object-bottom w-full block md:hidden\" src=\"https:\/\/www.bthermiq.pt\/wp-content\/uploads\/2024\/04\/Bauter.webp\" alt=\"\" title=\"\">\n        <div class=\"absolute z-10 top-1\/2 left-1\/2 transform -translate-x-1\/2 -translate-y-1\/2 grid-base w-full\">\n            <div class=\"flex flex-col justify-end gap-12 lg:p-16 p-6 w-full h-full\">\n                <div class=\"grid grid-cols-2 h-full\" style=\"--animate-duration: 1s;\">\n                    <div class=\"pr-4\">\n                        <div class=\"flex flex-col gap-2 justify-between h-full\">\n                            <div class=\"w-min ml-auto mr-16 mt-8 md:mt-16 animate__animated animate__fadeInUp\">\n                                <div class=\"left-side-quadrant-text\"><p>por<\/p>\n<p>un<\/p>\n<p>lado<\/p>\n<p>aisla<\/p>\n<\/div>\n                                <div class=\"border-r border-white h-8 md:h-16\"><\/div>\n                                <div class=\"w-2 h-2 ml-auto -mr-1 bg-white rounded-full\"><\/div>\n                            <\/div>\n                            <div class=\"w-[70%] hidden lg:block animate__animated animate__fadeInUp animate__delay-3s\">\n                                <h1 class=\"text-white text-4xl font-bold !my-0\">El revestimiento t\u00e9rmico de capa fina<\/h1>\n                                <p class=\"text-white font-normal leading-[1.2] text-lg mt-4 w-[90%]\">BAUTER est\u00e1 innovando.<br>Por un lado, ofrece mayor eficacia que cualquier otra soluci\u00f3n en el mercado; por otro, garantiza m\u00e1s ahorro y una aplicaci\u00f3n sencilla.<\/p>\n                            <\/div>\n                        <\/div>\n                    <\/div>\n                    <div class=\"flex flex-col justify-between lg:pb-[5rem] gap-1 pl-4\">\n                        <div class=\"flex flex-col lg:flex-row justify-between max-md:gap-4\">\n                            <div class=\"md:mt-20 lg:mt-32 mb-4 ml-8 md:ml-12 animate__animated animate__fadeInUp animate__delay-1s\">\n                                <div class=\"right-side-quadrant-text\">\n                                    <p>por<\/p>\n<p>el otro<\/p>\n<p>tambi\u00e9n<\/p>\n                                <\/div>\n                                <div class=\"border-l border-white h-20 md:h-24\"><\/div>\n                                <div class=\"w-2 h-2 -ml-1 bg-white rounded-full\"><\/div>\n                            <\/div>\n                        <\/div>\n                        <div class=\"lg:flex justify-center pl-20 hidden animate__animated animate__fadeInUp animate__delay-2s\">\n                            <div class=\"text-banner\"><p><strong>B-THERMIQ<\/strong>\u00ae<\/p>\n<p>reduce hasta un <strong>50%<\/strong><\/p>\n<p>en los gastos de calefacci\u00f3n<\/p>\n<p>y refrigeraci\u00f3n<\/p>\n<\/div>\n                        <\/div>\n                    <\/div>\n                <\/div>\n                <div class=\"hidden lg:block animate__animated animate__fadeInUp animate__delay-4s\">\n                                            <div class=\"flex items-baseline justify-between\">\n                                                            <div class=\"flex flex-col gap-2 items-center w-min text-center\">\n                                    <img decoding=\"async\" class=\"w-12 h-12\" src=\"https:\/\/www.bthermiq.pt\/wp-content\/uploads\/2024\/04\/Group-1-1.svg\" alt=\"\" title=\"\">\n                                    <p class=\"text-white font-bold\">ECOL\u00d3GICO<\/p>\n                                <\/div>\n                                                            <div class=\"flex flex-col gap-2 items-center w-min text-center\">\n                                    <img decoding=\"async\" class=\"w-12 h-12\" src=\"https:\/\/www.bthermiq.pt\/wp-content\/uploads\/2024\/04\/Group-2-1.svg\" alt=\"\" title=\"\">\n                                    <p class=\"text-white font-bold\">AISLAMIENTO T\u00c9RMICO<\/p>\n                                <\/div>\n                                                            <div class=\"flex flex-col gap-2 items-center w-min text-center\">\n                                    <img decoding=\"async\" class=\"w-12 h-12\" src=\"https:\/\/www.bthermiq.pt\/wp-content\/uploads\/2024\/04\/Group-3.svg\" alt=\"\" title=\"\">\n                                    <p class=\"text-white font-bold\">PROTECTOR<\/p>\n                                <\/div>\n                                                            <div class=\"flex flex-col gap-2 items-center w-min text-center\">\n                                    <img decoding=\"async\" class=\"w-12 h-12\" src=\"https:\/\/www.bthermiq.pt\/wp-content\/uploads\/2024\/04\/Group-4.svg\" alt=\"\" title=\"\">\n                                    <p class=\"text-white font-bold\">AHORRA ENERG\u00cdA<\/p>\n                                <\/div>\n                                                            <div class=\"flex flex-col gap-2 items-center w-min text-center\">\n                                    <img decoding=\"async\" class=\"w-12 h-12\" src=\"https:\/\/www.bthermiq.pt\/wp-content\/uploads\/2024\/04\/Group-5.svg\" alt=\"\" title=\"\">\n                                    <p class=\"text-white font-bold\">RESPIRABLE<\/p>\n                                <\/div>\n                                                            <div class=\"flex flex-col gap-2 items-center w-min text-center\">\n                                    <img decoding=\"async\" class=\"w-12 h-12\" src=\"https:\/\/www.bthermiq.pt\/wp-content\/uploads\/2024\/04\/Group-6.svg\" alt=\"\" title=\"\">\n                                    <p class=\"text-white font-bold\">REFLECTIVO<\/p>\n                                <\/div>\n                                                            <div class=\"flex flex-col gap-2 items-center w-min text-center\">\n                                    <img decoding=\"async\" class=\"w-12 h-12\" src=\"https:\/\/www.bthermiq.pt\/wp-content\/uploads\/2024\/04\/Group-7.svg\" alt=\"\" title=\"\">\n                                    <p class=\"text-white font-bold\">EL\u00c1STICO<\/p>\n                                <\/div>\n                                                            <div class=\"flex flex-col gap-2 items-center w-min text-center\">\n                                    <img decoding=\"async\" class=\"w-12 h-12\" src=\"https:\/\/www.bthermiq.pt\/wp-content\/uploads\/2025\/03\/Icon_Imperm_BRANCO.svg\" alt=\"\" title=\"\">\n                                    <p class=\"text-white font-bold\">IMPERMEABLE<\/p>\n                                <\/div>\n                                                    <\/div>\n                                    <\/div>\n            <\/div>\n        <\/div>\n        <img decoding=\"async\" class=\"absolute z-10 right-8 bottom-8 w-8 \" src=\"https:\/\/www.bthermiq.pt\/wp-content\/themes\/bauter_theme\/assets\/icons\/ce.svg\" alt=\"CE\" title=\"\">\n    <\/div>\n    <div class=\"lg:hidden\">\n        <div class=\"text-banner-mobile animation-fade-in-up\"><p><strong>B-THERMIQ<\/strong>\u00ae<\/p>\n<p>reduce hasta un <strong>50%<\/strong><\/p>\n<p>en los gastos de calefacci\u00f3n<\/p>\n<p>y refrigeraci\u00f3n<\/p>\n<\/div>\n        <div class=\"w-full px-6 py-4 animation-fade-in-up\">\n            <h2 class=\"text-bauter-blue-primary text-3xl font-extrabold !leading-[1] !my-0\">El revestimiento t\u00e9rmico de capa fina<\/h2>\n            <p class=\"text-bauter-grey-text font-normal leading-[1.2] text-base mt-4 w-full\">BAUTER est\u00e1 innovando.<br>Por un lado, ofrece mayor eficacia que cualquier otra soluci\u00f3n en el mercado; por otro, garantiza m\u00e1s ahorro y una aplicaci\u00f3n sencilla.<\/p>\n        <\/div>\n                    <div class=\"grid grid-cols-2 gap-y-6 px-6 py-4 mt-2 \">\n                                    <div class=\"flex flex-col gap-2 items-center mx-auto text-center w-min animation-fade-in-up\">\n                        <img decoding=\"async\" class=\"w-16 h-16\" src=\"https:\/\/www.bthermiq.pt\/wp-content\/uploads\/2024\/04\/Group-9.svg\" alt=\"\" title=\"\">\n                        <p class=\"text-bauter-blue-primary font-bold\">ECOL\u00d3GICO<\/p>\n                    <\/div>\n                                    <div class=\"flex flex-col gap-2 items-center mx-auto text-center w-min animation-fade-in-up\">\n                        <img decoding=\"async\" class=\"w-16 h-16\" src=\"https:\/\/www.bthermiq.pt\/wp-content\/uploads\/2024\/04\/Group-10.svg\" alt=\"\" title=\"\">\n                        <p class=\"text-bauter-blue-primary font-bold\">AISLAMIENTO T\u00c9RMICO<\/p>\n                    <\/div>\n                                    <div class=\"flex flex-col gap-2 items-center mx-auto text-center w-min animation-fade-in-up\">\n                        <img decoding=\"async\" class=\"w-16 h-16\" src=\"https:\/\/www.bthermiq.pt\/wp-content\/uploads\/2024\/04\/Group-11.svg\" alt=\"\" title=\"\">\n                        <p class=\"text-bauter-blue-primary font-bold\">PROTECTOR<\/p>\n                    <\/div>\n                                    <div class=\"flex flex-col gap-2 items-center mx-auto text-center w-min animation-fade-in-up\">\n                        <img decoding=\"async\" class=\"w-16 h-16\" src=\"https:\/\/www.bthermiq.pt\/wp-content\/uploads\/2024\/04\/Group-12.svg\" alt=\"\" title=\"\">\n                        <p class=\"text-bauter-blue-primary font-bold\">AHORRA ENERG\u00cdA<\/p>\n                    <\/div>\n                                    <div class=\"flex flex-col gap-2 items-center mx-auto text-center w-min animation-fade-in-up\">\n                        <img decoding=\"async\" class=\"w-16 h-16\" src=\"https:\/\/www.bthermiq.pt\/wp-content\/uploads\/2024\/04\/Group-13.svg\" alt=\"\" title=\"\">\n                        <p class=\"text-bauter-blue-primary font-bold\">RESPIRABLE<\/p>\n                    <\/div>\n                                    <div class=\"flex flex-col gap-2 items-center mx-auto text-center w-min animation-fade-in-up\">\n                        <img decoding=\"async\" class=\"w-16 h-16\" src=\"https:\/\/www.bthermiq.pt\/wp-content\/uploads\/2024\/04\/Group-14.svg\" alt=\"\" title=\"\">\n                        <p class=\"text-bauter-blue-primary font-bold\">REFLECTIVO<\/p>\n                    <\/div>\n                                    <div class=\"flex flex-col gap-2 items-center mx-auto text-center w-min animation-fade-in-up\">\n                        <img decoding=\"async\" class=\"w-16 h-16\" src=\"https:\/\/www.bthermiq.pt\/wp-content\/uploads\/2024\/04\/Group-15.svg\" alt=\"\" title=\"\">\n                        <p class=\"text-bauter-blue-primary font-bold\">EL\u00c1STICO<\/p>\n                    <\/div>\n                                    <div class=\"flex flex-col gap-2 items-center mx-auto text-center w-min animation-fade-in-up\">\n                        <img decoding=\"async\" class=\"w-16 h-16\" src=\"https:\/\/www.bthermiq.pt\/wp-content\/uploads\/2025\/03\/Icon_Imperm_AZUL-1.svg\" alt=\"\" title=\"\">\n                        <p class=\"text-bauter-blue-primary font-bold\">IMPERMEABLE<\/p>\n                    <\/div>\n                            <\/div>\n            <\/div>\n<\/div>\n\n\n<div class=\"lg:grid-base mx-auto animation-fade-in-up\">\n    <div class=\"bg-bauter-grey-primary flex card-services lg:flex-row lg:py-12 w-full my-8 lg:mt-28 lg:mb-16\">\n        <div class=\"gap-5 flex flex-col card-services__content\">\n            <h2 class=\"!my-0 text-bauter-blue-primary font-extrabold text-[2rem] md:text-4xl lg:text-5xl leading-[1]\">Descubre el producto ideal para cada ambiente.<\/h2>\n\n                            <a class=\"w-max bg-bauter-blue-primary text-white text-[1.5rem] hover:opacity-80 py-[14px] px-6 flex items-center justify-center font-extrabold no-underline\" href=\"https:\/\/www.bthermiq.pt\/produtos\/\">\n                    Productos B-THERMIQ\u00ae                <\/a>\n                    <\/div>\n\n        <img decoding=\"async\" class=\"card-services__img\" src=\"https:\/\/www.bthermiq.pt\/wp-content\/uploads\/2024\/06\/home-homepage.png\" alt=\"\" title=\"\">\n    <\/div>\n<\/div>\n\n\n<div class=\"lg:grid-base mx-auto animation-fade-in-up\">\n    <div class=\"bg-bauter-grey-primary flex card-services lg:flex-row lg:py-12 w-full my-8 lg:mt-28 lg:mb-16\">\n        <div class=\"gap-5 flex flex-col card-services__content\">\n            <h2 class=\"!my-0 text-bauter-blue-primary font-extrabold text-[2rem] md:text-4xl lg:text-5xl leading-[1]\">Conoce algunas de nuestras obras<\/h2>\n\n                            <a class=\"w-max bg-bauter-blue-primary text-white text-[1.5rem] hover:opacity-80 py-[14px] px-6 flex items-center justify-center font-extrabold no-underline\" href=\"https:\/\/www.bthermiq.pt\/es\/obras\/\">\n                    Obras B-THERMIQ\u00ae                <\/a>\n                    <\/div>\n\n        <img decoding=\"async\" class=\"card-services__img\" src=\"https:\/\/www.bthermiq.pt\/wp-content\/uploads\/2025\/05\/exteriorcasa-nobacknoFloorAlfa-e1746653686678.png\" alt=\"\" title=\"\">\n    <\/div>\n<\/div>\n\n\n<div class=\"lg:grid-base mx-auto animation-fade-in-up\">\n    <div class=\"bg-bauter-grey-primary lg:py-12 lg:px-16 p-6 my-10 grid grid-cols-2 lg:flex gap-4 md:gap-8 lg:justify-between\">\n                                    <div class=\"lg:w-56 w-full\">\n                    <img decoding=\"async\" class=\"border border-bauter-blue-primary h-40 md:h-56 lg:w-56 w-full object-cover\" src=\"https:\/\/www.bthermiq.pt\/wp-content\/uploads\/2024\/04\/Clip-path-group-10.png\" alt=\"\" title=\"\">\n                    <p class=\"text-bauter-blue-primary mt-3 text-xl font-bold\">Aislamiento de capa fina (menos de 1 mm)<\/p>\n                <\/div>\n                            <div class=\"lg:w-56 w-full\">\n                    <img decoding=\"async\" class=\"border border-bauter-blue-primary h-40 md:h-56 lg:w-56 w-full object-cover\" src=\"https:\/\/www.bthermiq.pt\/wp-content\/uploads\/2024\/04\/Group-1-1.png\" alt=\"\" title=\"\">\n                    <p class=\"text-bauter-blue-primary mt-3 text-xl font-bold\">Escudo t\u00e9rmico que refleja el calor y la radiaci\u00f3n<\/p>\n                <\/div>\n                            <div class=\"lg:w-56 w-full\">\n                    <img decoding=\"async\" class=\"border border-bauter-blue-primary h-40 md:h-56 lg:w-56 w-full object-cover\" src=\"https:\/\/www.bthermiq.pt\/wp-content\/uploads\/2024\/04\/Clip-path-group-1.png\" alt=\"\" title=\"\">\n                    <p class=\"text-bauter-blue-primary mt-3 text-xl font-bold\">Ideal para la construcci\u00f3n, la industria, la refrigeraci\u00f3n y el transporte<\/p>\n                <\/div>\n                            <div class=\"lg:w-56 w-full\">\n                    <img decoding=\"async\" class=\"border border-bauter-blue-primary h-40 md:h-56 lg:w-56 w-full object-cover\" src=\"https:\/\/www.bthermiq.pt\/wp-content\/uploads\/2024\/04\/Clip-path-group-2-1.png\" alt=\"\" title=\"\">\n                    <p class=\"text-bauter-blue-primary mt-3 text-xl font-bold\">Eficiencia en la construcci\u00f3n y renovaci\u00f3n<\/p>\n                <\/div>\n                        <\/div>\n<\/div>\n\n\n<div class=\"lg:grid-base mx-auto animation-fade-in-up\">\n    <div class=\"bg-bauter-grey-primary gap-0 lg:gap-20 flex flex-col lg:flex-row lg:py-12 lg:px-16 w-full my-8\">\n        <div class=\"w-full lg:w-[60%] max-lg:px-6 max-lg:py-6\">\n            <h2 class=\"!my-0 text-bauter-blue-primary font-extrabold text-3xl md:text-4xl lg:text-5xl leading-[1]\">Por un lado, ganas.<br> Por el otro, ahorras.<\/h2>\n            <div class=\"description-card-with-cta\"><p>Con <strong style=\"color: #1f4c93;\">BAUTER <\/strong> ahorras energ\u00eda por todos lados.<\/p>\n<p>El aislamiento t\u00e9rmico de capa fina <strong style=\"color: #1f4c93;\">B-THERMIQ<strong>\u00ae<\/strong><\/strong> supera a todos los materiales de aislamiento del mercado. Con solo 0,5 mm de espesor genera un ahorro en costes de calefacci\u00f3n y refrigeraci\u00f3n de hasta un 50%.<\/p>\n<\/div>\n        <\/div>\n\n                    <a class=\"w-full lg:w-[40%] bg-bauter-blue-primary text-white text-5xl !leading-[1.2] lg:!leading-[1.1] hover:font-extrabold hover:opacity-80 py-10 px-6 lg:p-10 flex items-center justify-center font-extrabold no-underline\" href=\"https:\/\/www.bthermiq.pt\/es\/contactos\/\">\n                Reserva ahora tu evaluaci\u00f3n con BAUTER            <\/a>\n            <\/div>\n<\/div>","protected":false},"excerpt":{"rendered":"","protected":false},"author":1,"featured_media":0,"parent":0,"menu_order":24,"comment_status":"closed","ping_status":"open","template":"page-fullwidth.php","meta":{"_acf_changed":false,"_vp_format_video_url":"","_vp_image_focal_point":[],"footnotes":""},"class_list":["post-404","page","type-page","status-publish","hentry"],"acf":[],"_links":{"self":[{"href":"https:\/\/www.bthermiq.pt\/es\/wp-json\/wp\/v2\/pages\/404","targetHints":{"allow":["GET"]}}],"collection":[{"href":"https:\/\/www.bthermiq.pt\/es\/wp-json\/wp\/v2\/pages"}],"about":[{"href":"https:\/\/www.bthermiq.pt\/es\/wp-json\/wp\/v2\/types\/page"}],"author":[{"embeddable":true,"href":"https:\/\/www.bthermiq.pt\/es\/wp-json\/wp\/v2\/users\/1"}],"replies":[{"embeddable":true,"href":"https:\/\/www.bthermiq.pt\/es\/wp-json\/wp\/v2\/comments?post=404"}],"version-history":[{"count":36,"href":"https:\/\/www.bthermiq.pt\/es\/wp-json\/wp\/v2\/pages\/404\/revisions"}],"predecessor-version":[{"id":3807,"href":"https:\/\/www.bthermiq.pt\/es\/wp-json\/wp\/v2\/pages\/404\/revisions\/3807"}],"wp:attachment":[{"href":"https:\/\/www.bthermiq.pt\/es\/wp-json\/wp\/v2\/media?parent=404"}],"curies":[{"name":"wp","href":"https:\/\/api.w.org\/{rel}","templated":true}]}}