{"id":408,"date":"2025-03-27T12:58:12","date_gmt":"2025-03-27T12:58:12","guid":{"rendered":"http:\/\/bauterk.cluster027.hosting.ovh.net\/como\/"},"modified":"2025-11-17T16:09:52","modified_gmt":"2025-11-17T16:09:52","slug":"tecnologia","status":"publish","type":"page","link":"https:\/\/www.bthermiq.pt\/es\/tecnologia\/","title":{"rendered":"Tecnologia"},"content":{"rendered":"\n<div class=\"grid grid-cols-1 md:grid-cols-2 bg-bauter-grey-primary gap-8 px-6 py-6 lg:py-12 lg:px-16 my-14 animation-fade-in-up\">\n    <div>\n        <h2 class=\"!my-0 text-bauter-blue-primary font-black text-3xl md:text-4xl lg:text-5xl leading-[1]\">\u00bfC\u00f3mo funciona?<\/h2>\n        <div class=\"description-card-with-image-video\"><p>Los productos de <strong style=\"color: #1f4c93;\">BAUTER<\/strong> crean un escudo t\u00e9rmico que <strong style=\"color: #1f4c93;\">refleja el calor y la radiaci\u00f3n<\/strong>. Este escudo est\u00e1 formado por microesferas al vac\u00edo adaptadas a las dimensiones de las longitudes de onda de la radiaci\u00f3n t\u00e9rmica, funcionando como un laberinto de espejos.<\/p>\n<p>&nbsp;<\/p>\n<p>Con el TSR (Reflectancia Solar Total) m\u00e1s alto del mercado, <strong style=\"color: #1f4c93;\">reflejando el 93% de la energ\u00eda t\u00e9rmica<\/strong> y con una alta emisividad, el haz de radiaci\u00f3n, al intentar atravesarlo, se refleja m\u00faltiples veces y es redirigido hacia atr\u00e1s, casi sin absorci\u00f3n de energ\u00eda.<\/p>\n<p>&nbsp;<\/p>\n<p>Incluso en contacto directo con otros materiales, el vac\u00edo <strong style=\"color: #1f4c93;\">no conductor<\/strong> del interior de las microesferas <strong style=\"color: #1f4c93;\">da prioridad a la radiaci\u00f3n<\/strong>.<\/p>\n<p>&nbsp;<\/p>\n<p>Todos los materiales tradicionales de aislamiento t\u00e9rmico (poliestireno expandido, lana mineral o espumas) <strong style=\"color: #1f4c93;\">ofrecen resistencia t\u00e9rmica \u00fanicamente a la conducci\u00f3n<\/strong>. Esta resistencia solo retrasa el paso del calor, <strong style=\"color: #1f4c93;\">que acabar\u00e1 traspasando<\/strong>, y adem\u00e1s impide que las paredes respiren adecuadamente.<\/p>\n<p>&nbsp;<\/p>\n<p>Con la tecnolog\u00eda <strong style=\"color: #1f4c93;\">B-THERMIQ\u00ae<\/strong>, esta energ\u00eda es rechazada gracias a la alta reflectancia, emisividad y el vac\u00edo de las microesferas. Por eso, con menos de 1 mil\u00edmetro de espesor, se logran resultados equivalentes a los aislamientos tradicionales.<\/p>\n<\/div>\n    <\/div>\n\n    <div class=\"right-block-card-with-image-video\">\n        \n\n<div class=\"wp-block-columns is-layout-flex wp-container-core-columns-is-layout-28f84493 wp-block-columns-is-layout-flex\">\n<div class=\"wp-block-column is-layout-flow wp-block-column-is-layout-flow\">\n<figure class=\"wp-block-image size-medium\"><img loading=\"lazy\" decoding=\"async\" width=\"300\" height=\"300\" src=\"https:\/\/www.bthermiq.pt\/wp-content\/uploads\/2025\/03\/esferas-300x300.jpg\" alt=\"\" class=\"wp-image-2210\" title=\"\" srcset=\"https:\/\/www.bthermiq.pt\/wp-content\/uploads\/2025\/03\/esferas-300x300.jpg 300w, https:\/\/www.bthermiq.pt\/wp-content\/uploads\/2025\/03\/esferas-1024x1024.jpg 1024w, https:\/\/www.bthermiq.pt\/wp-content\/uploads\/2025\/03\/esferas-150x150.jpg 150w, https:\/\/www.bthermiq.pt\/wp-content\/uploads\/2025\/03\/esferas-768x768.jpg 768w, https:\/\/www.bthermiq.pt\/wp-content\/uploads\/2025\/03\/esferas.jpg 1080w\" sizes=\"auto, (max-width: 300px) 100vw, 300px\" \/><\/figure>\n<\/div>\n<\/div>\n\n\n<!--presto-player:video_id=8--><figure class=\"wp-block-video presto-block-video  presto-provider-self-hosted\" style=\"--plyr-color-main: var(--presto-player-highlight-color, #00b3ff); --presto-player-logo-width: 150px; \">\n\t<presto-player \n\t\tpreset='{&quot;id&quot;:1,&quot;name&quot;:&quot;Default&quot;,&quot;slug&quot;:&quot;default&quot;,&quot;icon&quot;:&quot;format-video&quot;,&quot;skin&quot;:&quot;modern&quot;,&quot;play-large&quot;:true,&quot;rewind&quot;:true,&quot;play&quot;:true,&quot;fast-forward&quot;:true,&quot;progress&quot;:true,&quot;current-time&quot;:true,&quot;mute&quot;:true,&quot;volume&quot;:true,&quot;speed&quot;:false,&quot;pip&quot;:false,&quot;fullscreen&quot;:true,&quot;captions&quot;:false,&quot;reset_on_end&quot;:true,&quot;auto_hide&quot;:true,&quot;show_time_elapsed&quot;:false,&quot;captions_enabled&quot;:false,&quot;save_player_position&quot;:true,&quot;sticky_scroll&quot;:false,&quot;sticky_scroll_position&quot;:&quot;bottom right&quot;,&quot;on_video_end&quot;:&quot;select&quot;,&quot;play_video_viewport&quot;:false,&quot;hide_youtube&quot;:false,&quot;lazy_load_youtube&quot;:false,&quot;hide_logo&quot;:false,&quot;border_radius&quot;:0,&quot;caption_style&quot;:&quot;&quot;,&quot;caption_background&quot;:&quot;&quot;,&quot;is_locked&quot;:true,&quot;cta&quot;:[&quot;&quot;],&quot;watermark&quot;:[&quot;&quot;],&quot;search&quot;:[&quot;&quot;],&quot;email_collection&quot;:[&quot;&quot;],&quot;action_bar&quot;:[&quot;&quot;],&quot;created_by&quot;:1,&quot;created_at&quot;:&quot;2024-04-10 11:00:35&quot;,&quot;updated_at&quot;:&quot;2024-04-10 11:00:35&quot;,&quot;deleted_at&quot;:&quot;&quot;}'\n\t\tbranding='{&quot;logo&quot;:&quot;&quot;,&quot;color&quot;:&quot;#00b3ff&quot;,&quot;logo_width&quot;:150,&quot;player_css&quot;:&quot;&quot;}'\n\t\tchapters='[]'\n\t\toverlays='[]'\n\t\ttracks='[]'\n\t\tblock-attributes='{&quot;playsInline&quot;:true,&quot;id&quot;:8,&quot;attachment_id&quot;:1695,&quot;src&quot;:&quot;https:\\\/\\\/www.bthermiq.pt\\\/wp-content\\\/uploads\\\/2025\\\/03\\\/Bauter-en-1-minuto-v3.mp4&quot;,&quot;poster&quot;:&quot;https:\\\/\\\/www.bthermiq.pt\\\/wp-content\\\/uploads\\\/2025\\\/03\\\/VideoCover2PT.png&quot;,&quot;preset&quot;:1,&quot;visibility&quot;:&quot;public&quot;,&quot;color&quot;:&quot;#00b3ff&quot;,&quot;mutedPreview&quot;:{&quot;enabled&quot;:false,&quot;captions&quot;:false},&quot;mutedOverlay&quot;:{&quot;enabled&quot;:false,&quot;src&quot;:&quot;&quot;,&quot;width&quot;:200,&quot;focalPoint&quot;:{&quot;x&quot;:0.5,&quot;y&quot;:0.5}},&quot;mutedOverlayType&quot;:&quot;text&quot;,&quot;mutedOverlayText&quot;:&quot;Click to play&quot;,&quot;mutedOverlayImageWidth&quot;:200,&quot;chapters&quot;:[],&quot;overlays&quot;:[],&quot;tracks&quot;:[],&quot;title&quot;:&quot;Bauter en 1 minuto v3&quot;}'\n\t\tanalytics=''\n\t\tautomations\t\tprovider='self-hosted'\n\t\t\t\tid=\"presto-player-1\"\n\t\tsrc=\"https:\/\/www.bthermiq.pt\/wp-content\/uploads\/2025\/03\/Bauter-en-1-minuto-v3.mp4\"\n\t\tmedia-title=\"Bauter en 1 minuto v3\"\n\t\tcss=\"\"\n\t\tclass=\"presto-video-id-8 presto-preset-id-1 skin-modern\"\n\t\tskin=\"modern\" \n\t\ticon-url=\"https:\/\/www.bthermiq.pt\/wp-content\/plugins\/presto-player\/img\/sprite.svg\" \n\t\tpreload=\"\" \n\t\tposter=\"https:\/\/www.bthermiq.pt\/wp-content\/uploads\/2025\/03\/VideoCover2PT.png\"\n\t\tyoutube=\"{&quot;noCookie&quot;:false,&quot;channelId&quot;:&quot;&quot;,&quot;show_count&quot;:false}\"\n\t\tprovider-video-id=\"\"\n\t\tvideo-id=\"8\"\n\t\t\t\tplaysinline \n\t\t\t\t>\n\t\t            <video controls preload=\"none\">\n            <source src=\"https:\/\/www.bthermiq.pt\/wp-content\/uploads\/2025\/03\/Bauter-en-1-minuto-v3.mp4\" \/>\n        <\/video>\n    \n\n\t<\/presto-player>\n<\/figure>\t\t<script type=\"application\/ld+json\">\n\t\t\t{\"@context\":\"https:\\\/\\\/schema.org\",\"@type\":\"VideoObject\",\"name\":\"Bauter en 1 minuto v3\",\"thumbnailUrl\":\"https:\\\/\\\/www.bthermiq.pt\\\/wp-content\\\/uploads\\\/2025\\\/03\\\/VideoCover2PT.png\",\"uploadDate\":\"2025-03-28T15:16:46+00:00\",\"contentUrl\":\"https:\\\/\\\/www.bthermiq.pt\\\/wp-content\\\/uploads\\\/2025\\\/03\\\/Bauter-en-1-minuto-v3.mp4\"}\t\t<\/script>\n\t\t\n\n    <\/div>\n<\/div>\n\n\n<div class=\"animation-fade-in-up\">\n    <div class=\"bg-bauter-grey-primary flex gap-5 lg:gap-14 px-6 py-6 lg:py-12 lg:px-16\">\n        <div class=\"w-full xl:w-[60%] hidden xl:grid grid-cols-2 gap-8\">\n                            <img decoding=\"async\" class=\"w-full h-fit\" src=\"https:\/\/www.bthermiq.pt\/wp-content\/uploads\/2025\/03\/DJI_20240718103912_0001_Vl.jpg\" alt=\"\" title=\"\">\n            \n                            <img decoding=\"async\" class=\"w-full h-fit\" src=\"https:\/\/www.bthermiq.pt\/wp-content\/uploads\/2025\/03\/DJI_20240718103912_0001_T-e1742942541636.png\" alt=\"\" title=\"\">\n                    <\/div>\n\n        <div class=\"w-full xl:w-[40%] flex flex-col gap-4 justify-between\">\n            <div>\n                <h1 class=\"text-bauter-blue-primary text-3xl md:text-4xl lg:text-5xl lg:!leading-[1.2] font-black !my-0\">La soluci\u00f3n t\u00e9rmica m\u00e1s eficaz<\/h1>\n                <p class=\"text-bauter-blue-primary my-4 font-normal text-xl md:text-xl lg:text-[1.5rem] leading-[1.2]\">Tanto por un lado como por otro.<\/p>\n                <div class=\"w-full grid grid-cols-1 md:grid-cols-2 xl:hidden gap-8\">\n                                            <img decoding=\"async\" class=\"w-full h-fit\" src=\"https:\/\/www.bthermiq.pt\/wp-content\/uploads\/2025\/03\/DJI_20240718103912_0001_Vl.jpg\" alt=\"\" title=\"\">\n                    \n                                            <img decoding=\"async\" class=\"w-full h-fit\" src=\"https:\/\/www.bthermiq.pt\/wp-content\/uploads\/2025\/03\/DJI_20240718103912_0001_T-e1742942541636.png\" alt=\"\" title=\"\">\n                                    <\/div>\n                <div class=\"description-banner-two-images\"><ul>\n<li><strong>Elimina los puentes t\u00e9rmicos<\/strong><\/li>\n<li><strong>Control de humedad y condensaci\u00f3n<\/strong><\/li>\n<li><strong>300% de elasticidad: sin grietas ni roturas<\/strong><\/li>\n<li><strong>Seguridad total: no inflamable<\/strong><\/li>\n<li><strong>Resistencia a la temperatura de -70\u00ba a 320\u00baC<\/strong><\/li>\n<\/ul>\n<\/div>\n            <\/div>\n            <p class=\"py-6 px-9 bg-bauter-blue-primary font-normal text-white text-xl -mb-7 lg:-mb-20 hidden xl:block\">EL \u00daNICO PRODUCTO DEL MERCADO QUE CUMPLE LOS REQUISITOS M\u00c1S ESTRICTOS DE LA INDUSTRIA Y LA CONSTRUCCI\u00d3N.<\/p>\n        <\/div>\n    <\/div>\n    <div>\n        <p class=\"py-6 px-6 bg-bauter-blue-primary font-normal text-white text-xl my-8 block xl:hidden\">EL \u00daNICO PRODUCTO DEL MERCADO QUE CUMPLE LOS REQUISITOS M\u00c1S ESTRICTOS DE LA INDUSTRIA Y LA CONSTRUCCI\u00d3N.<\/p>\n    <\/div>\n<\/div>\n\n\n<div class=\"animation-fade-in-up\">\n    <div class=\"bg-bauter-grey-primary px-6 py-6 lg:py-12 lg:px-16 my-10 md:my-20\">\n        <div>\n            <h2 class=\"text-bauter-blue-primary text-3xl md:text-4xl lg:text-5xl !leading-[1] font-black !my-0\">\n                Por un lado a\u00edsla m\u00e1s,<br>Por otro, ganas espacio.            <\/h2>\n            <p class=\"text-bauter-blue-primary text-2xl font-normal my-5 !leading-[1.2]\">Transmitancia t\u00e9rmica (U) <br>Para una U inferior a 0,35<\/p>\n        <\/div>\n        <div class=\"flex flex-col  overflow-x-auto\">\n            <table class=\"w-full table-auto\">\n                                    <thead>\n                        <tr>\n                                                                                            <th class=\"px-4 py-4 text-bauter-blue-primary font-bold text-lg border-b-2 border-white  bg-transparent border-r-2 !border-b-0 \">\n                                    Comparaci\u00f3n de resultados                                <\/th>\n                                                                                            <th class=\"px-4 py-4 text-bauter-blue-primary font-bold text-lg border-b-2 border-white  bg-bauter-grey-bg-card border-x-2 !border-l-transparent\">\n                                    Sin aislamiento                                <\/th>\n                                                                                            <th class=\"px-4 py-4 text-bauter-blue-primary font-bold text-lg border-b-2 border-white  bg-bauter-grey-bg-card border-x-2 \">\n                                    6 cm SATE                                <\/th>\n                                                                                            <th class=\"px-4 py-4 text-bauter-blue-primary font-bold text-lg border-b-2 border-white !border-r-0 bg-bauter-grey-bg-card border-x-2 \">\n                                    B-THERMIQ\u00ae                                <\/th>\n                                                    <\/tr>\n                    <\/thead>\n                                                    <tbody>\n                                                                                <tr>\n                                <td class=\"px-3 py-4 flex flex-col md:flex-row items-center gap-0 md:gap-3 bg-bauter-grey-bg-card border-t-2 border-white 1\">\n                                                                        <img decoding=\"async\" class=\"w-[25%] h-20 object-contain object-left\" src=\"https:\/\/www.bthermiq.pt\/wp-content\/uploads\/2024\/04\/Vector.png\" alt=\"\" title=\"\"> \n                                                                        <p class=\"text-bauter-blue-primary text-base font-bold text-center md:text-start\">Ladrillo de 20 cm<\/p>\n                                <\/td>\n                                                                                                                                         <td class=\"px-3 py-4 border-t-2 border-x-2 border-white  bg-[#cd4b39]    \">\n                                        <p class=\"text-white text-base font-bold flex justify-center\">X<\/p>\n                                    <\/td>\n                                                                                                        <td class=\"px-3 py-4 border-t-2 border-x-2 border-white     bg-[#df6957] \">\n                                        <p class=\"text-white text-base font-bold flex justify-center\">X<\/p>\n                                    <\/td>\n                                                                                                        <td class=\"px-3 py-4 border-t-2 border-x-2 border-white   bg-[#337e47]   \">\n                                        <p class=\"text-white text-base font-bold flex justify-center\">OK<\/p>\n                                    <\/td>\n                                                                                             <\/tr>\n                                                                                <tr>\n                                <td class=\"px-3 py-4 flex flex-col md:flex-row items-center gap-0 md:gap-3 bg-bauter-grey-bg-card border-t-2 border-white 1\">\n                                                                        <img decoding=\"async\" class=\"w-[25%] h-20 object-contain object-left\" src=\"https:\/\/www.bthermiq.pt\/wp-content\/uploads\/2024\/04\/Vector-1.png\" alt=\"\" title=\"\"> \n                                                                        <p class=\"text-bauter-blue-primary text-base font-bold text-center md:text-start\">Doble pared con caja de aire 28cm<\/p>\n                                <\/td>\n                                                                                                                                         <td class=\"px-3 py-4 border-t-2 border-x-2 border-white  bg-[#cd4b39]    \">\n                                        <p class=\"text-white text-base font-bold flex justify-center\">X<\/p>\n                                    <\/td>\n                                                                                                        <td class=\"px-3 py-4 border-t-2 border-x-2 border-white     bg-[#df6957] \">\n                                        <p class=\"text-white text-base font-bold flex justify-center\">X<\/p>\n                                    <\/td>\n                                                                                                        <td class=\"px-3 py-4 border-t-2 border-x-2 border-white   bg-[#337e47]   \">\n                                        <p class=\"text-white text-base font-bold flex justify-center\">OK<\/p>\n                                    <\/td>\n                                                                                             <\/tr>\n                                                                                <tr>\n                                <td class=\"px-3 py-4 flex flex-col md:flex-row items-center gap-0 md:gap-3 bg-bauter-grey-bg-card border-t-2 border-white 1\">\n                                                                        <img decoding=\"async\" class=\"w-[25%] h-20 object-contain object-left\" src=\"https:\/\/www.bthermiq.pt\/wp-content\/uploads\/2024\/04\/Vector-2.png\" alt=\"\" title=\"\"> \n                                                                        <p class=\"text-bauter-blue-primary text-base font-bold text-center md:text-start\">Ladrillo T\u00e9rmico 24cm<\/p>\n                                <\/td>\n                                                                                                                                         <td class=\"px-3 py-4 border-t-2 border-x-2 border-white     bg-[#df6957] \">\n                                        <p class=\"text-white text-base font-bold flex justify-center\">X<\/p>\n                                    <\/td>\n                                                                                                        <td class=\"px-3 py-4 border-t-2 border-x-2 border-white    bg-[#7bb253]  \">\n                                        <p class=\"text-white text-base font-bold flex justify-center\">OK<\/p>\n                                    <\/td>\n                                                                                                        <td class=\"px-3 py-4 border-t-2 border-x-2 border-white   bg-[#337e47]   \">\n                                        <p class=\"text-white text-base font-bold flex justify-center\">OK<\/p>\n                                    <\/td>\n                                                                                             <\/tr>\n                                                                                <tr>\n                                <td class=\"px-3 py-4 flex flex-col md:flex-row items-center gap-0 md:gap-3 bg-bauter-grey-bg-card border-t-2 border-white 1\">\n                                                                        <img decoding=\"async\" class=\"w-[25%] h-20 object-contain object-left\" src=\"https:\/\/www.bthermiq.pt\/wp-content\/uploads\/2024\/04\/Vector-3.png\" alt=\"\" title=\"\"> \n                                                                        <p class=\"text-bauter-blue-primary text-base font-bold text-center md:text-start\">Muro de hormig\u00f3n 20cm<\/p>\n                                <\/td>\n                                                                                                                                         <td class=\"px-3 py-4 border-t-2 border-x-2 border-white  bg-[#cd4b39]    \">\n                                        <p class=\"text-white text-base font-bold flex justify-center\">X<\/p>\n                                    <\/td>\n                                                                                                        <td class=\"px-3 py-4 border-t-2 border-x-2 border-white     bg-[#df6957] \">\n                                        <p class=\"text-white text-base font-bold flex justify-center\">X<\/p>\n                                    <\/td>\n                                                                                                        <td class=\"px-3 py-4 border-t-2 border-x-2 border-white   bg-[#337e47]   \">\n                                        <p class=\"text-white text-base font-bold flex justify-center\">OK<\/p>\n                                    <\/td>\n                                                                                             <\/tr>\n                                            <\/tbody>\n                            <\/table>\n        <\/div>\n        <p class=\"text-bauter-grey-text text-sm w-full md:w-[80%] lg:w-[75%] xl:w-[65%] mt-3\">* Requisitos m\u00ednimos de eficiencia energ\u00e9tica aplicables a la envolvente opaca de los edificios de viviendas en Portugal continental, u m\u00e1x.  [W\/(m2 .0C)]  zona clim\u00e1tica i3 &#8211; seg\u00fan el decreto n\u00ba 138-i\/2021 de 1 de julio.<\/p>\n                    <div class=\"mt-10\">\n                <ul class=\"pl-0\">\n                                            <li class=\"text-base font-bold text-bauter-blue-primary\">Resistencia t\u00e9rmica equivalente R= 5,7 m2.K\/W<\/li>\n                                            <li class=\"text-base font-bold text-bauter-blue-primary\">Econom\u00eda y confort garantizados<\/li>\n                                            <li class=\"text-base font-bold text-bauter-blue-primary\">Cumple todas las normativas energ\u00e9ticas<\/li>\n                                            <li class=\"text-base font-bold text-bauter-blue-primary\">Sin perder espacio (m2) y sin obras<\/li>\n                                    <\/ul>\n            <\/div>\n        \n        <div class=\"flex justify-between gap-3 mt-8 relative\">\n            <div class=\"flex gap-4 max-md:w-full max-md:justify-start\">\n                                    <img decoding=\"async\" class=\"max-w-32 md:max-w-28 object-contain\" src=\"https:\/\/www.bthermiq.pt\/wp-content\/uploads\/2024\/06\/ES.png\" alt=\"\" title=\"\">\n                \n                            <\/div>\n            <div class=\"bg-bauter-blue-primary p-5 h-max absolute right-0 -bottom-20 hidden md:block\">\n                                    <ul class=\"pl-0 list-none\">\n                                                    <li class=\"list-none ml-0\">\n                                <p class=\"text-white text-3xl font-bold !leading-[1]\">+ Eficaz  <\/p>\n                            <\/li>\n                                                    <li class=\"list-none ml-0\">\n                                <p class=\"text-white text-3xl font-bold !leading-[1]\">+ Pr\u00e1ctico  <\/p>\n                            <\/li>\n                                                    <li class=\"list-none ml-0\">\n                                <p class=\"text-white text-3xl font-bold !leading-[1]\">+ Econ\u00f3mico  <\/p>\n                            <\/li>\n                                                    <li class=\"list-none ml-0\">\n                                <p class=\"text-white text-3xl font-bold !leading-[1]\">+ Garant\u00eda<\/p>\n                            <\/li>\n                                            <\/ul>\n                \n                <p class=\"text-white text-lg !leading-[1] mt-2 ml-7\">Por un lado, es m\u00e1s.  <br>  Por otra parte, es mejor.<\/p>\n            <\/div>\n        <\/div>\n    <\/div>\n\n    <div class=\"bg-bauter-blue-primary p-6 h-max w-full block md:hidden\">\n                    <ul class=\"pl-0 list-none\">\n                                    <li class=\"list-none ml-0\">\n                        <p class=\"text-white text-3xl font-bold !leading-[1]\">+ Eficaz  <\/p>\n                    <\/li>\n                                    <li class=\"list-none ml-0\">\n                        <p class=\"text-white text-3xl font-bold !leading-[1]\">+ Pr\u00e1ctico  <\/p>\n                    <\/li>\n                                    <li class=\"list-none ml-0\">\n                        <p class=\"text-white text-3xl font-bold !leading-[1]\">+ Econ\u00f3mico  <\/p>\n                    <\/li>\n                                    <li class=\"list-none ml-0\">\n                        <p class=\"text-white text-3xl font-bold !leading-[1]\">+ Garant\u00eda<\/p>\n                    <\/li>\n                            <\/ul>\n        \n        <p class=\"text-white text-lg !leading-[1] mt-2 ml-7\">Por un lado, es m\u00e1s.  <br>  Por otra parte, es mejor.<\/p>\n    <\/div>\n<\/div>","protected":false},"excerpt":{"rendered":"","protected":false},"author":1,"featured_media":0,"parent":0,"menu_order":27,"comment_status":"closed","ping_status":"closed","template":"","meta":{"_acf_changed":false,"_vp_format_video_url":"","_vp_image_focal_point":[],"footnotes":""},"class_list":["post-408","page","type-page","status-publish","hentry"],"acf":[],"_links":{"self":[{"href":"https:\/\/www.bthermiq.pt\/es\/wp-json\/wp\/v2\/pages\/408","targetHints":{"allow":["GET"]}}],"collection":[{"href":"https:\/\/www.bthermiq.pt\/es\/wp-json\/wp\/v2\/pages"}],"about":[{"href":"https:\/\/www.bthermiq.pt\/es\/wp-json\/wp\/v2\/types\/page"}],"author":[{"embeddable":true,"href":"https:\/\/www.bthermiq.pt\/es\/wp-json\/wp\/v2\/users\/1"}],"replies":[{"embeddable":true,"href":"https:\/\/www.bthermiq.pt\/es\/wp-json\/wp\/v2\/comments?post=408"}],"version-history":[{"count":75,"href":"https:\/\/www.bthermiq.pt\/es\/wp-json\/wp\/v2\/pages\/408\/revisions"}],"predecessor-version":[{"id":3821,"href":"https:\/\/www.bthermiq.pt\/es\/wp-json\/wp\/v2\/pages\/408\/revisions\/3821"}],"wp:attachment":[{"href":"https:\/\/www.bthermiq.pt\/es\/wp-json\/wp\/v2\/media?parent=408"}],"curies":[{"name":"wp","href":"https:\/\/api.w.org\/{rel}","templated":true}]}}