{"id":479,"date":"2024-04-03T13:14:29","date_gmt":"2024-04-03T12:14:29","guid":{"rendered":"http:\/\/bauterk.cluster027.hosting.ovh.net\/faq\/"},"modified":"2025-11-13T16:15:17","modified_gmt":"2025-11-13T16:15:17","slug":"preguntas-mas-frecuentes","status":"publish","type":"page","link":"https:\/\/www.bthermiq.pt\/es\/preguntas-mas-frecuentes\/","title":{"rendered":"PREGUNTAS FRECUENTES"},"content":{"rendered":"\n<div class=\"wp-block-columns is-layout-flex wp-container-core-columns-is-layout-28f84493 wp-block-columns-is-layout-flex\">\n<div class=\"wp-block-column is-layout-flow wp-block-column-is-layout-flow\">\n\n<div class=\"bg-bauter-grey-primary py-5 px-6 lg:p-10 mb-10 container-faq-block animation-fade-in-up\">\n    <h2 class=\"font-black md:!leading-[1.2] text-3xl md:text-5xl text-bauter-blue-primary !mt-0 md:!mb-7 mb-5\">\u00bfEs eficaz el aislamiento t\u00e9rmico de capa fina?<\/h2>\n    <p class=\"text-bauter-grey-text\"><p>El aislamiento t\u00e9rmico de capa fina B-THERMIQ\u00ae de BAUTER supera a todos los materiales aislantes tradicionales. Un grosor inferior a 1 mil\u00edmetro ahorra hasta un 50% en costes de calefacci\u00f3n y refrigeraci\u00f3n.<\/p>\n<\/p>\n<\/div>\n\n\n\n<div class=\"bg-bauter-grey-primary py-5 px-6 lg:p-10 mb-10 container-faq-block animation-fade-in-up\">\n    <h2 class=\"font-black md:!leading-[1.2] text-3xl md:text-5xl text-bauter-blue-primary !mt-0 md:!mb-7 mb-5\">\u00bfCu\u00e1nto cuesta?<\/h2>\n    <p class=\"text-bauter-grey-text\"><p>Nuestro coste es inferior al de la mayor\u00eda de los aislamientos convencionales, pero naturalmente la valoraci\u00f3n depende del tipo de superficie aislada y del tipo de inversi\u00f3n. Nuestros precios ya incluyen la correspondiente aplicaci\u00f3n. Para un presupuesto detallado, ponte en contacto con nosotros.<\/p>\n<\/p>\n<\/div>\n\n\n\n<div class=\"bg-bauter-grey-primary py-5 px-6 lg:p-10 mb-10 container-faq-block animation-fade-in-up\">\n    <h2 class=\"font-black md:!leading-[1.2] text-3xl md:text-5xl text-bauter-blue-primary !mt-0 md:!mb-7 mb-5\">\u00bfD\u00f3nde puedo aplicar B&#8209;THERMIQ?<\/h2>\n    <p class=\"text-bauter-grey-text\"><p>El revestimiento B-THERMIQ\u00ae puede utilizarse en pr\u00e1cticamente cualquier tipo de superficie. Est\u00e1 relacionado con el uso de la imprimaci\u00f3n protectora adecuada y la selecci\u00f3n del revestimiento correcto para el tipo de material. Todo el proceso de selecci\u00f3n del revestimiento lo llevan a cabo nuestros asesores autorizados. Ponte en contacto con nosotros para obtener m\u00e1s informaci\u00f3n.<\/p>\n<\/p>\n<\/div>\n\n\n\n<div class=\"bg-bauter-grey-primary py-5 px-6 lg:p-10 mb-10 container-faq-block animation-fade-in-up\">\n    <h2 class=\"font-black md:!leading-[1.2] text-3xl md:text-5xl text-bauter-blue-primary !mt-0 md:!mb-7 mb-5\">\u00bfLos productos B&#8209;THERMIQ son respetuosos con el medio ambiente?<\/h2>\n    <p class=\"text-bauter-grey-text\"><p>Los revestimientos de aislamiento t\u00e9rmico de capa fina son totalmente ecol\u00f3gicos, biodegradables y seguros. A base de ingredientes inocuos para las personas y los animales.<\/p>\n<\/p>\n<\/div>\n\n\n\n<div class=\"bg-bauter-grey-primary py-5 px-6 lg:p-10 mb-10 container-faq-block animation-fade-in-up\">\n    <h2 class=\"font-black md:!leading-[1.2] text-3xl md:text-5xl text-bauter-blue-primary !mt-0 md:!mb-7 mb-5\">\u00bfEl revestimiento B&#8209;THERMIQ es transpirable?<\/h2>\n    <p class=\"text-bauter-grey-text\"><p>El revestimiento B-THERMIQ\u00ae es transpirable e impermeable al mismo tiempo. Una disposici\u00f3n especial de las part\u00edculas lo hace permeable al vapor, permitiendo que las paredes se sequen mientras las impermeabiliza, haci\u00e9ndolas lavables.<\/p>\n<\/p>\n<\/div><\/div>\n\n\n\n<div class=\"wp-block-column is-layout-flow wp-block-column-is-layout-flow\">\n\n<div class=\"bg-bauter-grey-primary py-5 px-6 lg:p-10 mb-10 container-faq-block animation-fade-in-up\">\n    <h2 class=\"font-black md:!leading-[1.2] text-3xl md:text-5xl text-bauter-blue-primary !mt-0 md:!mb-7 mb-5\">\u00bfC\u00f3mo s\u00e9 cu\u00e1nto producto necesito?<\/h2>\n    <p class=\"text-bauter-grey-text\"><p>Por lo general, un litro de producto a\u00edsla dos metros cuadrados de superficie. Para saber m\u00e1s y cu\u00e1l es el producto B-THERMIQ\u00ae m\u00e1s adecuado para su caso, p\u00f3ngase en contacto con nosotros. BAUTER siempre incluye la aplicaci\u00f3n de los productos para garantizar su eficacia.<\/p>\n<\/p>\n<\/div>\n\n\n\n<div class=\"bg-bauter-grey-primary py-5 px-6 lg:p-10 mb-10 container-faq-block animation-fade-in-up\">\n    <h2 class=\"font-black md:!leading-[1.2] text-3xl md:text-5xl text-bauter-blue-primary !mt-0 md:!mb-7 mb-5\">\u00bfCu\u00e1l es el tiempo de secado?<\/h2>\n    <p class=\"text-bauter-grey-text\"><p>Seg\u00fan el tipo de superficie y las condiciones meteorol\u00f3gicas. El revestimiento B-THERMIQ se seca en un plazo de 2 a 6 horas y empieza a actuar inmediatamente, alcanzando sus plenas propiedades de aislamiento t\u00e9rmico entre 7 y 14 d\u00edas despu\u00e9s de su aplicaci\u00f3n.<\/p>\n<\/p>\n<\/div>\n\n\n\n<div class=\"bg-bauter-grey-primary py-5 px-6 lg:p-10 mb-10 container-faq-block animation-fade-in-up\">\n    <h2 class=\"font-black md:!leading-[1.2] text-3xl md:text-5xl text-bauter-blue-primary !mt-0 md:!mb-7 mb-5\">\u00bfD\u00f3nde puedo comprar productos B&#8209;THERMIQ?<\/h2>\n    <p class=\"text-bauter-grey-text\"><p>Los productos B-THERMIQ\u00ae est\u00e1n disponibles para su aplicaci\u00f3n a trav\u00e9s de nuestros distribuidores autorizados BAUTER, presentes en todo el pa\u00eds.<\/p>\n<\/p>\n<\/div>\n\n\n\n<div class=\"bg-bauter-grey-primary py-5 px-6 lg:p-10 mb-10 container-faq-block animation-fade-in-up\">\n    <h2 class=\"font-black md:!leading-[1.2] text-3xl md:text-5xl text-bauter-blue-primary !mt-0 md:!mb-7 mb-5\">\u00bfCu\u00e1l es la garant\u00eda de BAUTER?<\/h2>\n    <p class=\"text-bauter-grey-text\"><p>La calidad y fiabilidad t\u00e9cnica de los productos B-THERMIQ\u00ae, ampliamente probados y certificados, permite a BAUTER ofrecer una garant\u00eda de 10 a\u00f1os a sus clientes.<\/p>\n<\/p>\n<\/div>\n\n\n\n<div class=\"bg-bauter-grey-primary py-5 px-6 lg:p-10 mb-10 container-faq-block animation-fade-in-up\">\n    <h2 class=\"font-black md:!leading-[1.2] text-3xl md:text-5xl text-bauter-blue-primary !mt-0 md:!mb-7 mb-5\">\u00bfEs inflamable el revestimiento B&#8209;THERMIQ ?<\/h2>\n    <p class=\"text-bauter-grey-text\"><article class=\"w-full text-token-text-primary\" dir=\"auto\" data-testid=\"conversation-turn-322\" data-scroll-anchor=\"true\">\n<div class=\"text-base my-auto mx-auto py-5 px-6\">\n<div class=\"mx-auto flex flex-1 text-base gap-4 md:gap-5 lg:gap-6 md:max-w-3xl lg:max-w-[40rem] xl:max-w-[48rem] group\/turn-messages focus-visible:outline-none\" tabindex=\"-1\">\n<div class=\"group\/conversation-turn relative flex w-full min-w-0 flex-col agent-turn @xs\/thread:px-0 @sm\/thread:px-1.5 @md\/thread:px-4\">\n<div class=\"relative flex-col gap-1 md:gap-3\">\n<div class=\"flex max-w-full flex-col flex-grow\">\n<div class=\"min-h-8 text-message relative flex w-full flex-col items-end gap-2 whitespace-normal break-words text-start [.text-message+&amp;]:mt-5\" dir=\"auto\" data-message-author-role=\"assistant\" data-message-id=\"d574eaae-361a-44ff-b2de-0d8e2edaba63\" data-message-model-slug=\"gpt-4o\">\n<div class=\"flex w-full flex-col gap-1 empty:hidden first:pt-[3px]\">\n<div class=\"markdown prose w-full break-words dark:prose-invert dark\">\n<p class=\"\" data-start=\"0\" data-end=\"214\">El revestimiento est\u00e1ndar B-THERMIQ\u00ae no propaga el fuego en edificios y est\u00e1 clasificado como clase B s1-d0 (es decir, no inflamable y no goteante). BAUTER tambi\u00e9n puede ofrecer una versi\u00f3n del producto de clase A.<\/p>\n<\/div>\n<\/div>\n<\/div>\n<\/div>\n<\/div>\n<\/div>\n<\/div>\n<\/div>\n<\/article>\n<\/p>\n<\/div><\/div>\n<\/div>\n","protected":false},"excerpt":{"rendered":"","protected":false},"author":1,"featured_media":0,"parent":0,"menu_order":51,"comment_status":"closed","ping_status":"closed","template":"","meta":{"_acf_changed":false,"_vp_format_video_url":"","_vp_image_focal_point":[],"footnotes":""},"class_list":["post-479","page","type-page","status-publish","hentry"],"acf":[],"_links":{"self":[{"href":"https:\/\/www.bthermiq.pt\/es\/wp-json\/wp\/v2\/pages\/479","targetHints":{"allow":["GET"]}}],"collection":[{"href":"https:\/\/www.bthermiq.pt\/es\/wp-json\/wp\/v2\/pages"}],"about":[{"href":"https:\/\/www.bthermiq.pt\/es\/wp-json\/wp\/v2\/types\/page"}],"author":[{"embeddable":true,"href":"https:\/\/www.bthermiq.pt\/es\/wp-json\/wp\/v2\/users\/1"}],"replies":[{"embeddable":true,"href":"https:\/\/www.bthermiq.pt\/es\/wp-json\/wp\/v2\/comments?post=479"}],"version-history":[{"count":26,"href":"https:\/\/www.bthermiq.pt\/es\/wp-json\/wp\/v2\/pages\/479\/revisions"}],"predecessor-version":[{"id":2607,"href":"https:\/\/www.bthermiq.pt\/es\/wp-json\/wp\/v2\/pages\/479\/revisions\/2607"}],"wp:attachment":[{"href":"https:\/\/www.bthermiq.pt\/es\/wp-json\/wp\/v2\/media?parent=479"}],"curies":[{"name":"wp","href":"https:\/\/api.w.org\/{rel}","templated":true}]}}