{"id":489,"date":"2024-04-03T19:22:17","date_gmt":"2024-04-03T18:22:17","guid":{"rendered":"http:\/\/bauterk.cluster027.hosting.ovh.net\/contacto\/"},"modified":"2025-11-13T16:14:53","modified_gmt":"2025-11-13T16:14:53","slug":"contactos","status":"publish","type":"page","link":"https:\/\/www.bthermiq.pt\/es\/contactos\/","title":{"rendered":"Contactos"},"content":{"rendered":"\n\n<div class=\"bg-bauter-grey-primary px-6 py-6 lg:py-12 lg:px-16 flex flex-col lg:flex-row gap-14 animation-fade-in-up\">\n    <div>\n                    <img decoding=\"async\" class=\"border border-bauter-blue-primary object-cover w-full h-[15rem] lg:h-auto\" src=\"https:\/\/www.bthermiq.pt\/wp-content\/uploads\/2024\/04\/Clip-path-group-5.png\" alt=\"\" title=\"\">\n        \n        <div class=\"mt-16 gap-16 hidden lg:flex\">\n                            <img decoding=\"async\" src=\"https:\/\/www.bthermiq.pt\/wp-content\/uploads\/2025\/03\/B-Thermic_PT223-e1742936703498.png\" alt=\"\" title=\"\">\n                        <div class=\"text-bauter-grey-text text-lg\">\n                <p>Alameda da Beloura Edf. 6,<\/p>\n<p>Loja 4, 2710-693 Sintra<\/p>\n<p>geral@bauter.pt<br \/>\n<strong>219 230 009<\/strong><\/p>\n            <\/div>\n        <\/div>\n    <\/div>\n    <div>\n        <h1 class=\"!my-0 text-bauter-blue-primary font-black lg:!leading-[1.2] text-3xl md:text-4xl lg:text-5xl\">\u00bfC\u00f3mo podemos ayudar?<\/h1>\n        <p class=\"text-bauter-blue-primary my-7 font-normal text-lg md:text-xl lg:text-[1.5rem] leading-[1.2]\">BAUTER est\u00e1 transformando <br>la construcci\u00f3n y la industria. <br>\u00a1Lo que imagines, lo aislamos!<\/p>\n        <!-- shortcode to plugin -->\n        <div class=\"container-contact-form\">\n                            <div class='fluentform ff-default fluentform_wrapper_11 ffs_default_wrap'><form data-form_id=\"11\" id=\"fluentform_11\" class=\"frm-fluent-form fluent_form_11 ff-el-form-top ff_form_instance_11_1 ff-form-loading ffs_default\" data-form_instance=\"ff_form_instance_11_1\" method=\"POST\" ><fieldset  style=\"border: none!important;margin: 0!important;padding: 0!important;background-color: transparent!important;box-shadow: none!important;outline: none!important; min-inline-size: 100%;\">\n                    <legend class=\"ff_screen_reader_title\" style=\"display: block; margin: 0!important;padding: 0!important;height: 0!important;text-indent: -999999px;width: 0!important;overflow:hidden;\">Contacto ES (#11)<\/legend><input type='hidden' name='__fluent_form_embded_post_id' value='489' \/><input type=\"hidden\" id=\"_fluentform_11_fluentformnonce\" name=\"_fluentform_11_fluentformnonce\" value=\"f1016cdf4b\" \/><input type=\"hidden\" name=\"_wp_http_referer\" value=\"\/es\/wp-json\/wp\/v2\/pages\/489\" \/><div data-type=\"name-element\" data-name=\"names\" class=\" ff-field_container ff-name-field-wrapper\" ><div class='ff-t-container'><div class='ff-t-cell '><div class='ff-el-group  ff-el-form-hide_label'><div class=\"ff-el-input--label ff-el-is-required asterisk-right\"><label for='ff_11_names_first_name_' id='label_ff_11_names_first_name_' >Nome<\/label><\/div><div class='ff-el-input--content'><input type=\"text\" name=\"names[first_name]\" id=\"ff_11_names_first_name_\" class=\"ff-el-form-control\" placeholder=\"Su nombre\" aria-invalid=\"false\" aria-required=true><\/div><\/div><\/div><\/div><\/div><div class='ff-el-group ff-el-form-hide_label'><div class=\"ff-el-input--label ff-el-is-required asterisk-right\"><label for='ff_11_email' id='label_ff_11_email' aria-label=\"Email\">Email<\/label><\/div><div class='ff-el-input--content'><input type=\"email\" name=\"email\" id=\"ff_11_email\" class=\"ff-el-form-control\" placeholder=\"Su correo electr\u00f3nico\" data-name=\"email\"  aria-invalid=\"false\" aria-required=true><\/div><\/div><div class='ff-el-group ff-el-form-hide_label'><div class=\"ff-el-input--label asterisk-right\"><label for='ff_11_phone' id='label_ff_11_phone' aria-label=\"Phone\/Mobile\">Phone\/Mobile<\/label><\/div><div class='ff-el-input--content'><input name=\"phone\" class=\"ff-el-form-control ff-el-phone\" type=\"tel\" placeholder=\"Su telefono\" data-name=\"phone\" id=\"ff_11_phone\" inputmode=\"tel\"  aria-invalid='false' aria-required=false><\/div><\/div><div class='ff-el-group ff-el-form-hide_label'><div class=\"ff-el-input--label ff-el-is-required asterisk-right\"><label for='ff_11_dropdown' id='label_ff_11_dropdown' aria-label=\"Dropdown\">Dropdown<\/label><\/div><div class='ff-el-input--content'><select name=\"dropdown\" id=\"ff_11_dropdown\" class=\"ff-el-form-control\" data-name=\"dropdown\" data-calc_value=\"0\"  aria-invalid=\"false\" aria-required=\"true\" aria-labelledby=\"label_ff_11_dropdown\"><option value=\"\">\u00c1rea de trabajo<\/option><option value=\"Arquitectura\"  >Arquitectura<\/option><option value=\"Proyectistas\"  >Proyectistas<\/option><option value=\"Agricultura\"  >Agricultura<\/option><option value=\"Inmobiliario\"  >Inmobiliario<\/option><option value=\"Ingenier\u00eda civil\"  >Ingenier\u00eda civil<\/option><option value=\"Reformas y remodelaciones\u00a0\"  >Reformas y remodelaciones\u00a0<\/option><option value=\"Cliente final\u00a0\"  >Cliente final\u00a0<\/option><option value=\"Industria\"  >Industria<\/option><option value=\"Estudiantes\"  >Estudiantes<\/option><option value=\"Otros\"  >Otros<\/option><\/select><\/div><\/div><div class='ff-el-group ff-el-form-hide_label'><div class=\"ff-el-input--label ff-el-is-required asterisk-right\"><label for='ff_11_local_obra' id='label_ff_11_local_obra' aria-label=\"Local\">Local<\/label><\/div><div class='ff-el-input--content'><input type=\"text\" name=\"local_obra\" class=\"ff-el-form-control\" placeholder=\"Local de la obra\" data-name=\"local_obra\" id=\"ff_11_local_obra\"  aria-invalid=\"false\" aria-required=true><\/div><\/div><div class='ff-el-group'><div class='ff-el-input--content'><textarea aria-required=\"true\" aria-labelledby=\"label_ff_11_description\" name=\"description\" id=\"ff_11_description\" class=\"ff-el-form-control\" placeholder=\"Asunto\" rows=\"3\" cols=\"2\" data-name=\"description\" ><\/textarea><\/div><\/div><div class='ff-el-group    ff-el-input--content'><div class='ff-el-form-check ff-el-tc'><label aria-label='T\u00e9rminos y condiciones: He le\u00eddo y acepto el T\u00e9rminos y condiciones y Pol\u00edtica de privacidad Contiene 2 enlaces. Usa la navegaci\u00f3n por pesta\u00f1as para rese\u00f1ar.' class='ff-el-form-check-label ff_tc_label' for=terms-n-condition_9dc1dc27c3d24ead8d38001f4ccfc54a><span class='ff_tc_checkbox'><input type=\"checkbox\" name=\"terms-n-condition\" class=\"ff-el-form-check-input\" data-name=\"terms-n-condition\" id=\"terms-n-condition_9dc1dc27c3d24ead8d38001f4ccfc54a\"  value='on' aria-invalid='false' aria-required=true><\/span> <div class='ff_t_c'><p>He le\u00eddo y acepto el <a href=\"https:\/\/www.bthermiq.pt\/es\/terminos-condiciones\/\" target=\"_blank\" rel=\"noopener\">T\u00e9rminos y condiciones<\/a> y <a href=\"https:\/\/www.bthermiq.pt\/es\/politica-privacidad\/\" target=\"_blank\" rel=\"noopener\">Pol\u00edtica de privacidad<\/a><\/p><\/div><\/label><\/div><\/div><div class='ff-el-group ff-text-right ff_submit_btn_wrapper'><button type=\"submit\" class=\"ff-btn ff-btn-submit ff-btn-md ff_btn_style\"  aria-label=\"Enviar &gt;\">Enviar &gt;<\/button><\/div><\/fieldset><\/form><div id='fluentform_11_errors' class='ff-errors-in-stack ff_form_instance_11_1 ff-form-loading_errors ff_form_instance_11_1_errors'><\/div><\/div>            <script type=\"text\/javascript\">\n                window.fluent_form_ff_form_instance_11_1 = {\"id\":\"11\",\"settings\":{\"layout\":{\"labelPlacement\":\"top\",\"helpMessagePlacement\":\"with_label\",\"errorMessagePlacement\":\"inline\",\"cssClassName\":\"\",\"asteriskPlacement\":\"asterisk-right\"},\"restrictions\":{\"denyEmptySubmission\":{\"enabled\":false}}},\"form_instance\":\"ff_form_instance_11_1\",\"form_id_selector\":\"fluentform_11\",\"rules\":{\"names[first_name]\":{\"required\":{\"value\":true,\"message\":\"Este campo es obligatorio\",\"global_message\":\"This field is required\",\"global\":false}},\"names[middle_name]\":{\"required\":{\"value\":false,\"message\":\"Este campo es obligatorio\",\"global_message\":\"This field is required\",\"global\":true}},\"names[last_name]\":{\"required\":{\"value\":false,\"message\":\"Este campo es obligatorio\",\"global_message\":\"This field is required\",\"global\":true}},\"email\":{\"required\":{\"value\":true,\"message\":\"Este campo es obligatorio\",\"global\":false,\"global_message\":\"This field is required\"},\"email\":{\"value\":true,\"message\":\"Este campo debe contener una direcci\\u00f3n de correo electr\\u00f3nico v\\u00e1lida\",\"global\":false,\"global_message\":\"This field must contain a valid email\"}},\"phone\":{\"required\":{\"value\":false,\"global\":true,\"message\":\"Este campo es obligatorio\",\"global_message\":\"This field is required\"},\"valid_phone_number\":{\"value\":false,\"global\":true,\"message\":\"El n\\u00famero de tel\\u00e9fono no es v\\u00e1lido \",\"global_message\":\"Phone number is not valid\"}},\"dropdown\":{\"required\":{\"value\":true,\"message\":\"Este campo es obligatorio\",\"global_message\":\"This field is required\",\"global\":false}},\"local_obra\":{\"required\":{\"value\":true,\"message\":\"Este campo es obligatorio\",\"global_message\":\"This field is required\",\"global\":true}},\"description\":{\"required\":{\"value\":true,\"message\":\"Este campo es obligatorio\",\"global_message\":\"This field is required\",\"global\":true}},\"terms-n-condition\":{\"required\":{\"value\":true,\"message\":\"Este campo es obligatorio\",\"global_message\":\"This field is required\",\"global\":false}}},\"debounce_time\":300};\n                            <\/script>\n                                <\/div>\n        <div class=\"mt-12 md:mt-16 gap-5 flex flex-col lg:hidden\">\n            <div class=\"text-bauter-grey-text text-base md:text-lg\">\n                <p>Alameda da Beloura Edf. 6,<\/p>\n<p>Loja 4, 2710-693 Sintra<\/p>\n<p>geral@bauter.pt<br \/>\n<strong>219 230 009<\/strong><\/p>\n            <\/div>\n                            <img decoding=\"async\" class=\"w-32 h-32 object-contain\" src=\"https:\/\/www.bthermiq.pt\/wp-content\/uploads\/2025\/03\/B-Thermic_PT223-e1742936703498.png\" alt=\"\" title=\"\">\n                    <\/div>\n    <\/div>\n<\/div>","protected":false},"excerpt":{"rendered":"","protected":false},"author":1,"featured_media":0,"parent":0,"menu_order":48,"comment_status":"closed","ping_status":"closed","template":"","meta":{"_acf_changed":false,"_vp_format_video_url":"","_vp_image_focal_point":[],"footnotes":""},"class_list":["post-489","page","type-page","status-publish","hentry"],"acf":[],"_links":{"self":[{"href":"https:\/\/www.bthermiq.pt\/es\/wp-json\/wp\/v2\/pages\/489","targetHints":{"allow":["GET"]}}],"collection":[{"href":"https:\/\/www.bthermiq.pt\/es\/wp-json\/wp\/v2\/pages"}],"about":[{"href":"https:\/\/www.bthermiq.pt\/es\/wp-json\/wp\/v2\/types\/page"}],"author":[{"embeddable":true,"href":"https:\/\/www.bthermiq.pt\/es\/wp-json\/wp\/v2\/users\/1"}],"replies":[{"embeddable":true,"href":"https:\/\/www.bthermiq.pt\/es\/wp-json\/wp\/v2\/comments?post=489"}],"version-history":[{"count":16,"href":"https:\/\/www.bthermiq.pt\/es\/wp-json\/wp\/v2\/pages\/489\/revisions"}],"predecessor-version":[{"id":3559,"href":"https:\/\/www.bthermiq.pt\/es\/wp-json\/wp\/v2\/pages\/489\/revisions\/3559"}],"wp:attachment":[{"href":"https:\/\/www.bthermiq.pt\/es\/wp-json\/wp\/v2\/media?parent=489"}],"curies":[{"name":"wp","href":"https:\/\/api.w.org\/{rel}","templated":true}]}}